{"id":3399,"date":"2018-12-12T05:26:03","date_gmt":"2018-12-12T10:26:03","guid":{"rendered":"https:\/\/kajoom.ca\/privacy-policy\/"},"modified":"2018-12-12T05:26:04","modified_gmt":"2018-12-12T10:26:04","slug":"privacy-policy","status":"publish","type":"page","link":"https:\/\/www.kajoom.ca\/en\/privacy-policy\/","title":{"rendered":"Privacy Policy"},"content":{"rendered":"<div  style='padding-bottom:10px; ' class='av-special-heading av-special-heading-h1    avia-builder-el-0  el_before_av_textblock  avia-builder-el-first  '><h1 class='av-special-heading-tag '  itemprop=\"headline\"  >Privacy Policy<\/h1><div class='special-heading-border'><div class='special-heading-inner-border' ><\/div><\/div><\/div>\n<section class=\"av_textblock_section \"  itemscope=\"itemscope\" itemtype=\"https:\/\/schema.org\/CreativeWork\" ><div class='avia_textblock  '   itemprop=\"text\" ><p><em><em>Faced with the development of new communication tools, it is necessary to pay particular attention to the protection of privacy. Therefore, we are committed to respecting the privacy of the personal information we collect.<\/em><\/em><\/p>\n<p><!--more--><\/p>\n<h3>Collecte des renseignements personnels<\/h3>\n<p>Nous collectons les renseignements suivants :<\/p>\n<ul>\n<li>Nom<\/li>\n<li>Pr\u00e9nom<\/li>\n<li>Adresse postale<\/li>\n<li>Code postal<\/li>\n<li>Adresse \u00e9lectronique<\/li>\n<li>Num\u00e9ro de t\u00e9l\u00e9phone \/ t\u00e9l\u00e9copieur<\/li>\n<\/ul>\n<p>Les renseignements personnels que nous collectons sont recueillis au travers de formulaires et gr\u00e2ce \u00e0 l&#8217;interactivit\u00e9 \u00e9tablie entre vous et notre site Web. Nous utilisons \u00e9galement, comme indiqu\u00e9 dans la section suivante, des fichiers t\u00e9moins et\/ou journaux pour r\u00e9unir des informations vous concernant.<\/p>\n<h3>Formulaires et interactivit\u00e9<\/h3>\n<p>Vos renseignements personnels sont collect\u00e9s par le biais de formulaire, \u00e0 savoir :<\/p>\n<ul>\n<li>Formulaire d&#8217;inscription au site Web<\/li>\n<li>Formulaire de commande<\/li>\n<li>Nous utilisons les renseignements ainsi collect\u00e9s pour les finalit\u00e9s suivantes :<\/li>\n<li>Suivi de la commande<\/li>\n<li>Informations \/ Offres promotionnelles<\/li>\n<li>Statistiques<\/li>\n<li>Contact<\/li>\n<li>Gestion du site Web (pr\u00e9sentation, organisation)<\/li>\n<\/ul>\n<p>Vos renseignements sont \u00e9galement collect\u00e9s par le biais de l&#8217;interactivit\u00e9 pouvant s&#8217;\u00e9tablir entre vous et notre site Web et ce, de la fa\u00e7on suivante:<\/p>\n<ul>\n<li>Statistiques<\/li>\n<li>Contact<\/li>\n<li>Gestion du site Web (pr\u00e9sentation, organisation)<\/li>\n<\/ul>\n<p>Nous utilisons les renseignements ainsi collect\u00e9s pour les finalit\u00e9s suivantes :<\/p>\n<ul>\n<li>Commentaires<\/li>\n<li>Correspondance<\/li>\n<li>Informations ou pour des offres promotionnelles<\/li>\n<li>Fichiers journaux et t\u00e9moins<\/li>\n<li>Nous recueillons certaines informations par le biais de fichiers journaux (log file) et de fichiers t\u00e9moins (cookies). Il s&#8217;agit principalement des informations suivantes :<\/li>\n<li>Adresse IP<\/li>\n<li>Syst\u00e8me d&#8217;exploitation<\/li>\n<li>Pages visit\u00e9es et requ\u00eates<\/li>\n<li>Heure et jour de connexion<\/li>\n<\/ul>\n<p>Le recours \u00e0 de tels fichiers nous permet :<\/p>\n<ul>\n<li>Am\u00e9lioration du service et accueil personnalis\u00e9<\/li>\n<li>Profil personnalis\u00e9 de consommation<\/li>\n<li>Suivi de commande<\/li>\n<li>Statistique<\/li>\n<\/ul>\n<h3>Droit d&#8217;opposition et de retrait<\/h3>\n<p>Nous nous engageons \u00e0 vous offrir un droit d&#8217;opposition et de retrait quant \u00e0 vos renseignements personnels.<\/p>\n<ul>\n<li>Le droit d&#8217;opposition s&#8217;entend comme \u00e9tant la possiblit\u00e9 offerte aux internautes de refuser que leurs renseignements personnels soient utilis\u00e9es \u00e0 certaines fins mentionn\u00e9es lors de la collecte.<\/li>\n<li>Le droit de retrait s&#8217;entend comme \u00e9tant la possiblit\u00e9 offerte aux internautes de demander \u00e0 ce que leurs renseignements personnels ne figurent plus, par exemple, dans une liste de diffusion.<\/li>\n<\/ul>\n<p>Pour pouvoir exercer ces droits, vous pouvez :<\/p>\n<ul>\n<li>Adresse postale : 120 rue Dequoy, CP 1051, Saint-Gabriel-de-Brandon J0K 2N0<\/li>\n<li>Courriel : <a href=\"mailto:web@kajoom.ca\">web@kajoom.ca<\/a><\/li>\n<li>T\u00e9l\u00e9phone : 450-917-9497<\/li>\n<li>Section du site web : <a href=\"contact\">https:\/\/kajoom.ca\/contact<\/a><\/li>\n<\/ul>\n<h3>Droit d&#8217;acc\u00e8s<\/h3>\n<p>Nous nous engageons \u00e0 reconna\u00eetre un droit d&#8217;acc\u00e8s et de rectification aux personnes concern\u00e9es d\u00e9sireuses de consulter, modifier, voire radier les informations les concernant. L&#8217;exercice de ce droit se fera :<\/p>\n<ul>\n<li>Adresse postale : 120 rue Dequoy, CP 1051, Saint-Gabriel-de-Brandon J0K 2N0<\/li>\n<li>Courriel : <a href=\"mailto:web@kajoom.ca\">web@kajoom.ca<\/a><\/li>\n<li>T\u00e9l\u00e9phone :\u00a0450-917-9497<\/li>\n<li>Section du site web : <a href=\"contact\">https:\/\/kajoom.ca\/contact<\/a><\/li>\n<\/ul>\n<h3>S\u00e9curit\u00e9<\/h3>\n<p>Les renseignements personnels que nous collectons sont conserv\u00e9s dans un environnement s\u00e9curis\u00e9. Les personnes travaillant pour nous sont tenues de respecter la confidentialit\u00e9 de vos informations. Pour assurer la s\u00e9curit\u00e9 de vos renseignements personnels, nous avons recours aux mesures suivantes :<\/p>\n<ul>\n<li>Gestion des acc\u00e8s &#8211; personne autoris\u00e9e<\/li>\n<li>Gestion des acc\u00e8s &#8211; personne concern\u00e9e<\/li>\n<li>Logiciel de surveillance du r\u00e9seau<\/li>\n<li>Sauvegarde informatique<\/li>\n<li>Identifiant \/ mot de passe<\/li>\n<\/ul>\n<h3>L\u00e9gislation<\/h3>\n<ul>Nous nous engageons \u00e0 respecter les dispositions l\u00e9gislatives \u00e9nonc\u00e9es dans :<\/p>\n<li><a href=\"http:\/\/lois-laws.justice.gc.ca\/fra\/lois\/P-8.6\/index.html\" target=\"_blank\" rel=\"noopener\">Loi sur la protection des renseignements personnels et les documents \u00e9lectroniques (L.C. 2000, ch. 5)<\/a><\/li>\n<\/ul>\n<\/div><\/section>\n","protected":false},"excerpt":{"rendered":"<p>Faced with the development of new communication tools, it is necessary to pay particular attention to the protection of privacy. Therefore, we are committed to respecting the privacy of the personal information we collect.<\/p>\n","protected":false},"author":11,"featured_media":0,"parent":0,"menu_order":60,"comment_status":"open","ping_status":"open","template":"","meta":{"footnotes":""},"class_list":["post-3399","page","type-page","status-publish","hentry"],"yoast_head":"<!-- This site is optimized with the Yoast SEO plugin v24.9 - https:\/\/yoast.com\/wordpress\/plugins\/seo\/ -->\n<title>Privacy Policy - kajoom.ca<\/title>\n<meta name=\"robots\" content=\"index, follow, max-snippet:-1, max-image-preview:large, max-video-preview:-1\" \/>\n<link rel=\"canonical\" href=\"https:\/\/www.kajoom.ca\/politique-de-confidentialite\/\" \/>\n<meta property=\"og:locale\" content=\"en_US\" \/>\n<meta property=\"og:type\" content=\"article\" \/>\n<meta property=\"og:title\" content=\"Privacy Policy - kajoom.ca\" \/>\n<meta property=\"og:description\" content=\"Faced with the development of new communication tools, it is necessary to pay particular attention to the protection of privacy. Therefore, we are committed to respecting the privacy of the personal information we collect.\" \/>\n<meta property=\"og:url\" content=\"https:\/\/www.kajoom.ca\/politique-de-confidentialite\/\" \/>\n<meta property=\"og:site_name\" content=\"kajoom.ca\" \/>\n<meta property=\"article:modified_time\" content=\"2018-12-12T10:26:04+00:00\" \/>\n<meta name=\"twitter:card\" content=\"summary_large_image\" \/>\n<meta name=\"twitter:label1\" content=\"Est. reading time\" \/>\n\t<meta name=\"twitter:data1\" content=\"3 minutes\" \/>\n<script type=\"application\/ld+json\" class=\"yoast-schema-graph\">{\"@context\":\"https:\/\/schema.org\",\"@graph\":[{\"@type\":\"WebPage\",\"@id\":\"https:\/\/www.kajoom.ca\/politique-de-confidentialite\/\",\"url\":\"https:\/\/www.kajoom.ca\/politique-de-confidentialite\/\",\"name\":\"Privacy Policy - kajoom.ca\",\"isPartOf\":{\"@id\":\"https:\/\/www.kajoom.ca\/#website\"},\"datePublished\":\"2018-12-12T10:26:03+00:00\",\"dateModified\":\"2018-12-12T10:26:04+00:00\",\"breadcrumb\":{\"@id\":\"https:\/\/www.kajoom.ca\/politique-de-confidentialite\/#breadcrumb\"},\"inLanguage\":\"en-US\",\"potentialAction\":[{\"@type\":\"ReadAction\",\"target\":[\"https:\/\/www.kajoom.ca\/politique-de-confidentialite\/\"]}]},{\"@type\":\"BreadcrumbList\",\"@id\":\"https:\/\/www.kajoom.ca\/politique-de-confidentialite\/#breadcrumb\",\"itemListElement\":[{\"@type\":\"ListItem\",\"position\":1,\"name\":\"Accueil\",\"item\":\"https:\/\/www.kajoom.ca\/en\/\"},{\"@type\":\"ListItem\",\"position\":2,\"name\":\"Privacy Policy\"}]},{\"@type\":\"WebSite\",\"@id\":\"https:\/\/www.kajoom.ca\/#website\",\"url\":\"https:\/\/www.kajoom.ca\/\",\"name\":\"KAJOOM\",\"description\":\"Des solutions pour la publication sur Internet\",\"publisher\":{\"@id\":\"https:\/\/www.kajoom.ca\/#organization\"},\"potentialAction\":[{\"@type\":\"SearchAction\",\"target\":{\"@type\":\"EntryPoint\",\"urlTemplate\":\"https:\/\/www.kajoom.ca\/?s={search_term_string}\"},\"query-input\":{\"@type\":\"PropertyValueSpecification\",\"valueRequired\":true,\"valueName\":\"search_term_string\"}}],\"inLanguage\":\"en-US\"},{\"@type\":\"Organization\",\"@id\":\"https:\/\/www.kajoom.ca\/#organization\",\"name\":\"kajoom.ca\",\"url\":\"https:\/\/www.kajoom.ca\/\",\"logo\":{\"@type\":\"ImageObject\",\"inLanguage\":\"en-US\",\"@id\":\"https:\/\/www.kajoom.ca\/#\/schema\/logo\/image\/\",\"url\":\"https:\/\/www.kajoom.ca\/wp-content\/uploads\/2016\/10\/logo-kajoom-couleurs.png\",\"contentUrl\":\"https:\/\/www.kajoom.ca\/wp-content\/uploads\/2016\/10\/logo-kajoom-couleurs.png\",\"width\":300,\"height\":300,\"caption\":\"kajoom.ca\"},\"image\":{\"@id\":\"https:\/\/www.kajoom.ca\/#\/schema\/logo\/image\/\"}}]}<\/script>\n<!-- \/ Yoast SEO plugin. -->","yoast_head_json":{"title":"Privacy Policy - kajoom.ca","robots":{"index":"index","follow":"follow","max-snippet":"max-snippet:-1","max-image-preview":"max-image-preview:large","max-video-preview":"max-video-preview:-1"},"canonical":"https:\/\/www.kajoom.ca\/politique-de-confidentialite\/","og_locale":"en_US","og_type":"article","og_title":"Privacy Policy - kajoom.ca","og_description":"Faced with the development of new communication tools, it is necessary to pay particular attention to the protection of privacy. Therefore, we are committed to respecting the privacy of the personal information we collect.","og_url":"https:\/\/www.kajoom.ca\/politique-de-confidentialite\/","og_site_name":"kajoom.ca","article_modified_time":"2018-12-12T10:26:04+00:00","twitter_card":"summary_large_image","twitter_misc":{"Est. reading time":"3 minutes"},"schema":{"@context":"https:\/\/schema.org","@graph":[{"@type":"WebPage","@id":"https:\/\/www.kajoom.ca\/politique-de-confidentialite\/","url":"https:\/\/www.kajoom.ca\/politique-de-confidentialite\/","name":"Privacy Policy - kajoom.ca","isPartOf":{"@id":"https:\/\/www.kajoom.ca\/#website"},"datePublished":"2018-12-12T10:26:03+00:00","dateModified":"2018-12-12T10:26:04+00:00","breadcrumb":{"@id":"https:\/\/www.kajoom.ca\/politique-de-confidentialite\/#breadcrumb"},"inLanguage":"en-US","potentialAction":[{"@type":"ReadAction","target":["https:\/\/www.kajoom.ca\/politique-de-confidentialite\/"]}]},{"@type":"BreadcrumbList","@id":"https:\/\/www.kajoom.ca\/politique-de-confidentialite\/#breadcrumb","itemListElement":[{"@type":"ListItem","position":1,"name":"Accueil","item":"https:\/\/www.kajoom.ca\/en\/"},{"@type":"ListItem","position":2,"name":"Privacy Policy"}]},{"@type":"WebSite","@id":"https:\/\/www.kajoom.ca\/#website","url":"https:\/\/www.kajoom.ca\/","name":"KAJOOM","description":"Des solutions pour la publication sur Internet","publisher":{"@id":"https:\/\/www.kajoom.ca\/#organization"},"potentialAction":[{"@type":"SearchAction","target":{"@type":"EntryPoint","urlTemplate":"https:\/\/www.kajoom.ca\/?s={search_term_string}"},"query-input":{"@type":"PropertyValueSpecification","valueRequired":true,"valueName":"search_term_string"}}],"inLanguage":"en-US"},{"@type":"Organization","@id":"https:\/\/www.kajoom.ca\/#organization","name":"kajoom.ca","url":"https:\/\/www.kajoom.ca\/","logo":{"@type":"ImageObject","inLanguage":"en-US","@id":"https:\/\/www.kajoom.ca\/#\/schema\/logo\/image\/","url":"https:\/\/www.kajoom.ca\/wp-content\/uploads\/2016\/10\/logo-kajoom-couleurs.png","contentUrl":"https:\/\/www.kajoom.ca\/wp-content\/uploads\/2016\/10\/logo-kajoom-couleurs.png","width":300,"height":300,"caption":"kajoom.ca"},"image":{"@id":"https:\/\/www.kajoom.ca\/#\/schema\/logo\/image\/"}}]}},"_links":{"self":[{"href":"https:\/\/www.kajoom.ca\/en\/wp-json\/wp\/v2\/pages\/3399"}],"collection":[{"href":"https:\/\/www.kajoom.ca\/en\/wp-json\/wp\/v2\/pages"}],"about":[{"href":"https:\/\/www.kajoom.ca\/en\/wp-json\/wp\/v2\/types\/page"}],"author":[{"embeddable":true,"href":"https:\/\/www.kajoom.ca\/en\/wp-json\/wp\/v2\/users\/11"}],"replies":[{"embeddable":true,"href":"https:\/\/www.kajoom.ca\/en\/wp-json\/wp\/v2\/comments?post=3399"}],"version-history":[{"count":1,"href":"https:\/\/www.kajoom.ca\/en\/wp-json\/wp\/v2\/pages\/3399\/revisions"}],"predecessor-version":[{"id":3400,"href":"https:\/\/www.kajoom.ca\/en\/wp-json\/wp\/v2\/pages\/3399\/revisions\/3400"}],"wp:attachment":[{"href":"https:\/\/www.kajoom.ca\/en\/wp-json\/wp\/v2\/media?parent=3399"}],"curies":[{"name":"wp","href":"https:\/\/api.w.org\/{rel}","templated":true}]}}