{"id":3408,"date":"2018-12-12T05:36:17","date_gmt":"2018-12-12T10:36:17","guid":{"rendered":"https:\/\/kajoom.ca\/general-settings\/"},"modified":"2018-12-12T05:36:18","modified_gmt":"2018-12-12T10:36:18","slug":"general-settings","status":"publish","type":"page","link":"https:\/\/www.kajoom.ca\/en\/general-settings\/","title":{"rendered":"General Settings"},"content":{"rendered":"<div  style='padding-bottom:10px; ' class='av-special-heading av-special-heading-h1    avia-builder-el-0  el_before_av_textblock  avia-builder-el-first  '><h1 class='av-special-heading-tag '  itemprop=\"headline\"  >General settings<\/h1><div class='special-heading-border'><div class='special-heading-inner-border' ><\/div><\/div><\/div>\n<section class=\"av_textblock_section \"  itemscope=\"itemscope\" itemtype=\"https:\/\/schema.org\/CreativeWork\" ><div class='avia_textblock  '   itemprop=\"text\" ><p>Voici les diff\u00e9rents param\u00e8tres de base n\u00e9c\u00e9ssaires \u00e0 l&#8217;utilisation de nos services d&#8217;h\u00e9bergement Web.<\/p>\n<p><img loading=\"lazy\" decoding=\"async\" class=\" size-full wp-image-133\" src=\"https:\/\/kajoom.ca\/wp-content\/uploads\/2012\/06\/parametres.png\" alt=\"parametres\" width=\"543\" height=\"417\" srcset=\"https:\/\/www.kajoom.ca\/wp-content\/uploads\/2012\/06\/parametres.png 543w, https:\/\/www.kajoom.ca\/wp-content\/uploads\/2012\/06\/parametres-300x230.png 300w, https:\/\/www.kajoom.ca\/wp-content\/uploads\/2012\/06\/parametres-450x346.png 450w\" sizes=\"(max-width: 543px) 100vw, 543px\" \/><\/p>\n<hr \/>\n<h3>En savoir plus<\/h3>\n<p>Pour en savoir plus au sujet de notre h\u00e9bergement web et son utilisation, vous pouvez visiter la <a title=\"H\u00e9bergement Web - Wiki.Kajoom.Ca\" href=\"http:\/\/wiki.kajoom.ca\/doku.php?id=hebergement_web:start\" target=\"_blank\" rel=\"noopener\">section sur l&#8217;H\u00e9bergement Web<\/a> de notre base de connaissances.<\/p>\n<\/div><\/section>\n","protected":false},"excerpt":{"rendered":"","protected":false},"author":11,"featured_media":0,"parent":0,"menu_order":61,"comment_status":"open","ping_status":"open","template":"","meta":{"footnotes":""},"class_list":["post-3408","page","type-page","status-publish","hentry"],"yoast_head":"<!-- This site is optimized with the Yoast SEO plugin v24.9 - https:\/\/yoast.com\/wordpress\/plugins\/seo\/ -->\n<title>General Settings - kajoom.ca<\/title>\n<meta name=\"robots\" content=\"index, follow, max-snippet:-1, max-image-preview:large, max-video-preview:-1\" \/>\n<link rel=\"canonical\" href=\"https:\/\/www.kajoom.ca\/parametres-generaux\/\" \/>\n<meta property=\"og:locale\" content=\"en_US\" \/>\n<meta property=\"og:type\" content=\"article\" \/>\n<meta property=\"og:title\" content=\"General Settings - kajoom.ca\" \/>\n<meta property=\"og:url\" content=\"https:\/\/www.kajoom.ca\/parametres-generaux\/\" \/>\n<meta property=\"og:site_name\" content=\"kajoom.ca\" \/>\n<meta property=\"article:modified_time\" content=\"2018-12-12T10:36:18+00:00\" \/>\n<meta property=\"og:image\" content=\"https:\/\/kajoom.ca\/wp-content\/uploads\/2012\/06\/parametres.png\" \/>\n<meta name=\"twitter:card\" content=\"summary_large_image\" \/>\n<script type=\"application\/ld+json\" class=\"yoast-schema-graph\">{\"@context\":\"https:\/\/schema.org\",\"@graph\":[{\"@type\":\"WebPage\",\"@id\":\"https:\/\/www.kajoom.ca\/parametres-generaux\/\",\"url\":\"https:\/\/www.kajoom.ca\/parametres-generaux\/\",\"name\":\"General Settings - kajoom.ca\",\"isPartOf\":{\"@id\":\"https:\/\/www.kajoom.ca\/#website\"},\"primaryImageOfPage\":{\"@id\":\"https:\/\/www.kajoom.ca\/parametres-generaux\/#primaryimage\"},\"image\":{\"@id\":\"https:\/\/www.kajoom.ca\/parametres-generaux\/#primaryimage\"},\"thumbnailUrl\":\"https:\/\/kajoom.ca\/wp-content\/uploads\/2012\/06\/parametres.png\",\"datePublished\":\"2018-12-12T10:36:17+00:00\",\"dateModified\":\"2018-12-12T10:36:18+00:00\",\"breadcrumb\":{\"@id\":\"https:\/\/www.kajoom.ca\/parametres-generaux\/#breadcrumb\"},\"inLanguage\":\"en-US\",\"potentialAction\":[{\"@type\":\"ReadAction\",\"target\":[\"https:\/\/www.kajoom.ca\/parametres-generaux\/\"]}]},{\"@type\":\"ImageObject\",\"inLanguage\":\"en-US\",\"@id\":\"https:\/\/www.kajoom.ca\/parametres-generaux\/#primaryimage\",\"url\":\"https:\/\/kajoom.ca\/wp-content\/uploads\/2012\/06\/parametres.png\",\"contentUrl\":\"https:\/\/kajoom.ca\/wp-content\/uploads\/2012\/06\/parametres.png\"},{\"@type\":\"BreadcrumbList\",\"@id\":\"https:\/\/www.kajoom.ca\/parametres-generaux\/#breadcrumb\",\"itemListElement\":[{\"@type\":\"ListItem\",\"position\":1,\"name\":\"Accueil\",\"item\":\"https:\/\/www.kajoom.ca\/en\/\"},{\"@type\":\"ListItem\",\"position\":2,\"name\":\"General Settings\"}]},{\"@type\":\"WebSite\",\"@id\":\"https:\/\/www.kajoom.ca\/#website\",\"url\":\"https:\/\/www.kajoom.ca\/\",\"name\":\"KAJOOM\",\"description\":\"Des solutions pour la publication sur Internet\",\"publisher\":{\"@id\":\"https:\/\/www.kajoom.ca\/#organization\"},\"potentialAction\":[{\"@type\":\"SearchAction\",\"target\":{\"@type\":\"EntryPoint\",\"urlTemplate\":\"https:\/\/www.kajoom.ca\/?s={search_term_string}\"},\"query-input\":{\"@type\":\"PropertyValueSpecification\",\"valueRequired\":true,\"valueName\":\"search_term_string\"}}],\"inLanguage\":\"en-US\"},{\"@type\":\"Organization\",\"@id\":\"https:\/\/www.kajoom.ca\/#organization\",\"name\":\"kajoom.ca\",\"url\":\"https:\/\/www.kajoom.ca\/\",\"logo\":{\"@type\":\"ImageObject\",\"inLanguage\":\"en-US\",\"@id\":\"https:\/\/www.kajoom.ca\/#\/schema\/logo\/image\/\",\"url\":\"https:\/\/www.kajoom.ca\/wp-content\/uploads\/2016\/10\/logo-kajoom-couleurs.png\",\"contentUrl\":\"https:\/\/www.kajoom.ca\/wp-content\/uploads\/2016\/10\/logo-kajoom-couleurs.png\",\"width\":300,\"height\":300,\"caption\":\"kajoom.ca\"},\"image\":{\"@id\":\"https:\/\/www.kajoom.ca\/#\/schema\/logo\/image\/\"}}]}<\/script>\n<!-- \/ Yoast SEO plugin. -->","yoast_head_json":{"title":"General Settings - kajoom.ca","robots":{"index":"index","follow":"follow","max-snippet":"max-snippet:-1","max-image-preview":"max-image-preview:large","max-video-preview":"max-video-preview:-1"},"canonical":"https:\/\/www.kajoom.ca\/parametres-generaux\/","og_locale":"en_US","og_type":"article","og_title":"General Settings - kajoom.ca","og_url":"https:\/\/www.kajoom.ca\/parametres-generaux\/","og_site_name":"kajoom.ca","article_modified_time":"2018-12-12T10:36:18+00:00","og_image":[{"url":"https:\/\/kajoom.ca\/wp-content\/uploads\/2012\/06\/parametres.png","type":"","width":"","height":""}],"twitter_card":"summary_large_image","schema":{"@context":"https:\/\/schema.org","@graph":[{"@type":"WebPage","@id":"https:\/\/www.kajoom.ca\/parametres-generaux\/","url":"https:\/\/www.kajoom.ca\/parametres-generaux\/","name":"General Settings - kajoom.ca","isPartOf":{"@id":"https:\/\/www.kajoom.ca\/#website"},"primaryImageOfPage":{"@id":"https:\/\/www.kajoom.ca\/parametres-generaux\/#primaryimage"},"image":{"@id":"https:\/\/www.kajoom.ca\/parametres-generaux\/#primaryimage"},"thumbnailUrl":"https:\/\/kajoom.ca\/wp-content\/uploads\/2012\/06\/parametres.png","datePublished":"2018-12-12T10:36:17+00:00","dateModified":"2018-12-12T10:36:18+00:00","breadcrumb":{"@id":"https:\/\/www.kajoom.ca\/parametres-generaux\/#breadcrumb"},"inLanguage":"en-US","potentialAction":[{"@type":"ReadAction","target":["https:\/\/www.kajoom.ca\/parametres-generaux\/"]}]},{"@type":"ImageObject","inLanguage":"en-US","@id":"https:\/\/www.kajoom.ca\/parametres-generaux\/#primaryimage","url":"https:\/\/kajoom.ca\/wp-content\/uploads\/2012\/06\/parametres.png","contentUrl":"https:\/\/kajoom.ca\/wp-content\/uploads\/2012\/06\/parametres.png"},{"@type":"BreadcrumbList","@id":"https:\/\/www.kajoom.ca\/parametres-generaux\/#breadcrumb","itemListElement":[{"@type":"ListItem","position":1,"name":"Accueil","item":"https:\/\/www.kajoom.ca\/en\/"},{"@type":"ListItem","position":2,"name":"General Settings"}]},{"@type":"WebSite","@id":"https:\/\/www.kajoom.ca\/#website","url":"https:\/\/www.kajoom.ca\/","name":"KAJOOM","description":"Des solutions pour la publication sur Internet","publisher":{"@id":"https:\/\/www.kajoom.ca\/#organization"},"potentialAction":[{"@type":"SearchAction","target":{"@type":"EntryPoint","urlTemplate":"https:\/\/www.kajoom.ca\/?s={search_term_string}"},"query-input":{"@type":"PropertyValueSpecification","valueRequired":true,"valueName":"search_term_string"}}],"inLanguage":"en-US"},{"@type":"Organization","@id":"https:\/\/www.kajoom.ca\/#organization","name":"kajoom.ca","url":"https:\/\/www.kajoom.ca\/","logo":{"@type":"ImageObject","inLanguage":"en-US","@id":"https:\/\/www.kajoom.ca\/#\/schema\/logo\/image\/","url":"https:\/\/www.kajoom.ca\/wp-content\/uploads\/2016\/10\/logo-kajoom-couleurs.png","contentUrl":"https:\/\/www.kajoom.ca\/wp-content\/uploads\/2016\/10\/logo-kajoom-couleurs.png","width":300,"height":300,"caption":"kajoom.ca"},"image":{"@id":"https:\/\/www.kajoom.ca\/#\/schema\/logo\/image\/"}}]}},"_links":{"self":[{"href":"https:\/\/www.kajoom.ca\/en\/wp-json\/wp\/v2\/pages\/3408"}],"collection":[{"href":"https:\/\/www.kajoom.ca\/en\/wp-json\/wp\/v2\/pages"}],"about":[{"href":"https:\/\/www.kajoom.ca\/en\/wp-json\/wp\/v2\/types\/page"}],"author":[{"embeddable":true,"href":"https:\/\/www.kajoom.ca\/en\/wp-json\/wp\/v2\/users\/11"}],"replies":[{"embeddable":true,"href":"https:\/\/www.kajoom.ca\/en\/wp-json\/wp\/v2\/comments?post=3408"}],"version-history":[{"count":1,"href":"https:\/\/www.kajoom.ca\/en\/wp-json\/wp\/v2\/pages\/3408\/revisions"}],"predecessor-version":[{"id":3409,"href":"https:\/\/www.kajoom.ca\/en\/wp-json\/wp\/v2\/pages\/3408\/revisions\/3409"}],"wp:attachment":[{"href":"https:\/\/www.kajoom.ca\/en\/wp-json\/wp\/v2\/media?parent=3408"}],"curies":[{"name":"wp","href":"https:\/\/api.w.org\/{rel}","templated":true}]}}