{"id":3416,"date":"2018-12-12T05:39:43","date_gmt":"2018-12-12T10:39:43","guid":{"rendered":"https:\/\/kajoom.ca\/frequently-asked-questions-faq\/"},"modified":"2018-12-12T05:39:45","modified_gmt":"2018-12-12T10:39:45","slug":"frequently-asked-questions-faq","status":"publish","type":"page","link":"https:\/\/www.kajoom.ca\/en\/frequently-asked-questions-faq\/","title":{"rendered":"Frequently Asked Questions (FAQ)"},"content":{"rendered":"<div  style='padding-bottom:10px; ' class='av-special-heading av-special-heading-h1    avia-builder-el-0  el_before_av_textblock  avia-builder-el-first  '><h1 class='av-special-heading-tag '  itemprop=\"headline\"  >Frequently Asked Questions (FAQ)<\/h1><div class='special-heading-border'><div class='special-heading-inner-border' ><\/div><\/div><\/div>\n<section class=\"av_textblock_section \"  itemscope=\"itemscope\" itemtype=\"https:\/\/schema.org\/CreativeWork\" ><div class='avia_textblock  '   itemprop=\"text\" ><p><strong>Voici une liste des questions qui nous sont les plus fr\u00e9quemment pos\u00e9es (ou qui devraient l&#8217;\u00eatre \u00e0 notre avis<strong>) et des r\u00e9ponses qui les accompagnent.<\/strong><\/strong><\/p>\n<\/div><\/section>\n<div   class=\"togglecontainer   toggle_close_all  avia-builder-el-2  el_after_av_textblock  el_before_av_hr \" ><div class='taglist'><a href=\"#\" data-tag=\"{All}\" class=\"activeFilter\">All<\/a><span class='tag-seperator'>\/<\/span><a href=\"#\" data-tag=\"{H\u00e9bergement Web et Courriels}\" class=\"\">H\u00e9bergement Web et Courriels<\/a><span class='tag-seperator'>\/<\/span><a href=\"#\" data-tag=\"{Nom de domaine}\" class=\"\">Nom de domaine<\/a><span class='tag-seperator'>\/<\/span><a href=\"#\" data-tag=\"{Support technique}\" class=\"\">Support technique<\/a><span class='tag-seperator'>\/<\/span><a href=\"#\" data-tag=\"{Website}\" class=\"\">Website<\/a><span class='tag-seperator'>\/<\/span><\/div>\n<section class=\"av_toggle_section\"  itemscope=\"itemscope\" itemtype=\"https:\/\/schema.org\/CreativeWork\"  >    <div role=\"tablist\" class=\"single_toggle\" data-tags=\"{All} {Website} \"  >        <p data-fake-id=\"#toggle-id-1\" class=\"toggler \"  itemprop=\"headline\"    role=\"tab\" tabindex=\"0\" aria-controls=\"toggle-id-1\">Quelle est la diff\u00e9rence entre un site statique et un site dynamique ?<span class=\"toggle_icon\" >        <span class=\"vert_icon\"><\/span><span class=\"hor_icon\"><\/span><\/span><\/p>        <div id=\"toggle-id-1\" class=\"toggle_wrap \"   >            <div class=\"toggle_content invers-color \"  itemprop=\"text\"   ><h3>Quelle est la diff\u00e9rence entre un site statique et un site dynamique\u00a0?<\/h3>\n<p>Ne vous m\u00e9prenez pas sur les termes &#8220;statique&#8221; et &#8220;dynamique&#8221; qui sont des termes de d\u00e9veloppeurs Web qui n&#8217;ont rien \u00e0 voir avec le fait qu&#8217;un site soit anim\u00e9 ou non. Dans un cas comme dans l&#8217;autre, un site peut \u00eatre tr\u00e8s anim\u00e9 ou tr\u00e8s moche! Site statique et site dynamique rel\u00e8vent de la fa\u00e7on dont est construit et programm\u00e9 le site Web lui-m\u00eame au niveau de son code-source.<\/p>\n<p>Cette diff\u00e9rence est apparue avec l&#8217;arriv\u00e9e des logiciels Web de gestion de contenu (CMS), qui sont aussi \u00e0 la base de ce qu&#8217;on appelle le &#8220;Web 2.0&#8221;. La nouveaut\u00e9 apport\u00e9e par ces derniers est qu&#8217;ils utilisent g\u00e9n\u00e9ralement une base de donn\u00e9es afin de stocker les informations, et plus souvent qu&#8217;autrement, sont des logiciels \u00e0 part enti\u00e8re qui vont traiter et envoyer les pages HTML dynamiques (lire: virtuelles) aux visiteurs. On y retrouve souvent une interface d&#8217;administration compl\u00e8te permettant de modifier soi-m\u00eame les contenus du site. C&#8217;est ce que l&#8217;on appelle un site dynamique.<\/p>\n<p>\u00c0 l&#8217;inverse, les sites dits &#8220;statiques&#8221; tirent parti de cette vieille mais toujours tr\u00e8s efficace technique que celle d&#8217;\u00e9crire directement du code HTML fixe dans des fichiers .html qui seront envoy\u00e9s tels quels aux visiteurs (ou plut\u00f4t \u00e0 leur navigateur Web!) lorsqu&#8217;ils visitent le site. Cela offre l&#8217;avantage d&#8217;\u00eatre plus rapide en temps de chargement de page. Pas de possibilit\u00e9 de modifier les contenus via une interface d&#8217;administration dans ce cas et les modifications devront \u00eatre op\u00e9r\u00e9es directement dans les fichiers-sources par un sp\u00e9cialiste Web.<\/p>\n            <\/div>        <\/div>    <\/div><\/section>\n<section class=\"av_toggle_section\"  itemscope=\"itemscope\" itemtype=\"https:\/\/schema.org\/CreativeWork\"  >    <div role=\"tablist\" class=\"single_toggle\" data-tags=\"{All} {H\u00e9bergement Web et Courriels} \"  >        <p data-fake-id=\"#toggle-id-2\" class=\"toggler \"  itemprop=\"headline\"    role=\"tab\" tabindex=\"0\" aria-controls=\"toggle-id-2\">Mon site n\u2018appara\u00eet pas en premier dans Google, que faire pour qu\u2019il y soit ?<span class=\"toggle_icon\" >        <span class=\"vert_icon\"><\/span><span class=\"hor_icon\"><\/span><\/span><\/p>        <div id=\"toggle-id-2\" class=\"toggle_wrap \"   >            <div class=\"toggle_content invers-color \"  itemprop=\"text\"   ><h3>Mon site n&#8217;appara\u00eet pas en premier dans Google, que faire pour qu&#8217;il y soit ?<\/h3>\n<p>Le SEO (Search Engine Optimisation) est un art complexe, celui de &#8220;s\u00e9duire&#8221; les moteurs de recherche et les convaincre que vos pages m\u00e9ritent d&#8217;\u00eatre affich\u00e9es en premier pour une certaine requ\u00eate.<\/p>\n<p>Il n&#8217;existe aucune &#8220;recette magique&#8221;, &#8220;instantan\u00e9e&#8221;, &#8220;bouton&#8221; ou &#8220;fonction&#8221; pour ajouter un site aux moteurs de recherche comme Google, Yahoo ou Bing. Les moteurs de recherches suivent leurs propres r\u00e8gles, sont capricieux et n&#8217;afficheront pas un site parce qu&#8217;on leur demande. \u00c7a peut prendre de 1 semaine \u00e0 1 mois avant que les moteurs de recherche prennent en compte les changements apport\u00e9s au site, si ceux-ci font leur bonheur.<\/p>\n<p>Pour appara\u00eetre dans les r\u00e9sultats et remonter, il faut mettre en place une strat\u00e9gie SEO visant \u00e0 &#8220;plaire&#8221; aux moteurs de recherche, comprenant diverses actions comme l&#8217;ajout de backlinks pointant vers votre site (afin que Google d\u00e9couvre ou red\u00e9couvre l&#8217;existence de votre site web), l&#8217;int\u00e9gration de mots-cl\u00e9s et de contenus optimis\u00e9s SEO \u00e0 l&#8217;int\u00e9rieur de votre site web (nourriture pour Google), et beaucoup d&#8217;autres crit\u00e8res.<\/p>\n            <\/div>        <\/div>    <\/div><\/section>\n<section class=\"av_toggle_section\"  itemscope=\"itemscope\" itemtype=\"https:\/\/schema.org\/CreativeWork\"  >    <div role=\"tablist\" class=\"single_toggle\" data-tags=\"{All} {H\u00e9bergement Web et Courriels} \"  >        <p data-fake-id=\"#toggle-id-3\" class=\"toggler \"  itemprop=\"headline\"    role=\"tab\" tabindex=\"0\" aria-controls=\"toggle-id-3\">Pourquoi y-a-t\u2018il une limite journali\u00e8re d\u2019envoi de courriels pour chaque compte ?<span class=\"toggle_icon\" >        <span class=\"vert_icon\"><\/span><span class=\"hor_icon\"><\/span><\/span><\/p>        <div id=\"toggle-id-3\" class=\"toggle_wrap \"   >            <div class=\"toggle_content invers-color \"  itemprop=\"text\"   ><h3>Pourquoi y-a-t&#8217;il une limite journali\u00e8re d&#8217;envoi de courriels pour chaque compte\u00a0?<\/h3>\n<p>Les fournisseurs courriels sont de plus en plus sensibles aux envois massifs et ont tendance maintenant \u00e0 &#8220;blacklister&#8221; les domaines qui font de tels envois.<\/p>\n<p>La solution est d&#8217;utiliser un service d&#8217;envoi massif externe sp\u00e9cialis\u00e9 pour faire des envois qui ne seront pas consid\u00e9r\u00e9s comme de l&#8217;envoi de spams.<\/p>\n<p>Ou sinon prendre bien soin de s\u00e9parer votre envoi en petits &#8220;paquets&#8221; : par ex. 15-20 personnes max par envoi, envoy\u00e9s 1 fois par heure.<\/p>\n            <\/div>        <\/div>    <\/div><\/section>\n<section class=\"av_toggle_section\"  itemscope=\"itemscope\" itemtype=\"https:\/\/schema.org\/CreativeWork\"  >    <div role=\"tablist\" class=\"single_toggle\" data-tags=\"{All} {H\u00e9bergement Web et Courriels} \"  >        <p data-fake-id=\"#toggle-id-4\" class=\"toggler \"  itemprop=\"headline\"    role=\"tab\" tabindex=\"0\" aria-controls=\"toggle-id-4\">Quelle diff\u00e9rence entre un h\u00e9bergement Web standard (partag\u00e9) et les formules VPS ou serveur d\u00e9di\u00e9 ?<span class=\"toggle_icon\" >        <span class=\"vert_icon\"><\/span><span class=\"hor_icon\"><\/span><\/span><\/p>        <div id=\"toggle-id-4\" class=\"toggle_wrap \"   >            <div class=\"toggle_content invers-color \"  itemprop=\"text\"   ><h3>Quelle diff\u00e9rence entre un h\u00e9bergement Web standard (partag\u00e9) et les formules VPS ou serveur d\u00e9di\u00e9 ?<\/h3>\n<p>L&#8217;h\u00e9bergement Web standard (partag\u00e9) est comme un immeuble commercial ou \u00e0 logements o\u00f9 chacun des comptes a sa place bien d\u00e9finie et s\u00e9curis\u00e9e, mais partage tout de m\u00eame le m\u00eame espace et les m\u00eames ressources globales. Nos serveurs partag\u00e9s sont prot\u00e8gent les utilsateurs les uns des autres par une technologie coupe-feu et par l&#8217;assigation de ressources d\u00e9di\u00e9es pour chaque compte. Vous profitez donc d&#8217;un h\u00e9bergement de haute qualit\u00e9 \u00e0 un prix tr\u00e8s abordable.<\/p>\n<p>Avec les formules VPS, Cloud et Serveur d\u00e9di\u00e9, vous \u00eates seuls dans votre immeuble! Donc pas de concession \u00e0 faire, pas de partage de r\u00e9putation avec d&#8217;autres utilisateurs, possibilit\u00e9 d&#8217;installer ou de configurer tout type de logiciels, librairies, paquets, ou m\u00eame syst\u00e8me d&#8217;exploitation. C&#8217;est la solution \u00e0 privil\u00e9gier pour une entreprise s\u00e9rieuse qui souhaite avoir le plein contr\u00f4le sur ses installations et la pleine puissance de traitement de donn\u00e9es.<\/p>\n            <\/div>        <\/div>    <\/div><\/section>\n<section class=\"av_toggle_section\"  itemscope=\"itemscope\" itemtype=\"https:\/\/schema.org\/CreativeWork\"  >    <div role=\"tablist\" class=\"single_toggle\" data-tags=\"{All} {Nom de domaine} \"  >        <p data-fake-id=\"#toggle-id-5\" class=\"toggler \"  itemprop=\"headline\"    role=\"tab\" tabindex=\"0\" aria-controls=\"toggle-id-5\">Comment me pr\u00e9parer \u00e0 migrer un nom de domaine chez vous ?<span class=\"toggle_icon\" >        <span class=\"vert_icon\"><\/span><span class=\"hor_icon\"><\/span><\/span><\/p>        <div id=\"toggle-id-5\" class=\"toggle_wrap \"   >            <div class=\"toggle_content invers-color \"  itemprop=\"text\"   ><h3>Comment me pr\u00e9parer \u00e0 migrer un nom de domaine chez vous\u00a0?<\/h3>\n<p>Vous aurez besoin de rassembler les informations suivantes :<\/p>\n<ul>\n<li>Vous assurer d&#8217;avoir acc\u00e8s \u00e0 l&#8217;adresse courriel de contact (important!)<\/li>\n<li>Obtenir le code d&#8217;autorisation du transfert (EPP Code)<\/li>\n<li>D\u00e9verouiller le domaine (d\u00e9sactiver le &#8220;domain locking&#8221;)<\/li>\n<\/ul>\n            <\/div>        <\/div>    <\/div><\/section>\n<section class=\"av_toggle_section\"  itemscope=\"itemscope\" itemtype=\"https:\/\/schema.org\/CreativeWork\"  >    <div role=\"tablist\" class=\"single_toggle\" data-tags=\"{All} {Support technique} \"  >        <p data-fake-id=\"#toggle-id-6\" class=\"toggler \"  itemprop=\"headline\"    role=\"tab\" tabindex=\"0\" aria-controls=\"toggle-id-6\">Pourquoi faut-il absolument mettre \u00e0 jour r\u00e9guli\u00e8rement mon application Web ?<span class=\"toggle_icon\" >        <span class=\"vert_icon\"><\/span><span class=\"hor_icon\"><\/span><\/span><\/p>        <div id=\"toggle-id-6\" class=\"toggle_wrap \"   >            <div class=\"toggle_content invers-color \"  itemprop=\"text\"   ><h3>Pourquoi faut-il absolument mettre \u00e0 jour r\u00e9guli\u00e8rement mon application Web\u00a0?<\/h3>\n<p>Il est essentiel de prendre les mesures n\u00e9cessaires afin de maintenir votre site \u00e0 jour constamment. Cela fait d&#8217;ailleurs partie de nos conditions d&#8217;utilisation pour pouvoir h\u00e9berger un site web sur notre serveur partag\u00e9. C&#8217;est une mesure destin\u00e9e \u00e0 prot\u00e9ger et \u00e0 garantir une qualit\u00e9 de service optimale pour tous nos clients, \u00e0 commencer par vous! Il n&#8217;y a que de avantages \u00e0 garder ses applications web \u00e0 jour, d&#8217;une part pour pouvoir profiter des nouvelles fonctionnalit\u00e9s apport\u00e9e, mais aussi et surtout pour une question de s\u00e9curit\u00e9 de vos donn\u00e9es et installations, meilleure performances et maintien de la r\u00e9putation.<\/p>\n            <\/div>        <\/div>    <\/div><\/section>\n<\/div>\n<div  style='height:50px' class='hr hr-invisible   avia-builder-el-3  el_after_av_toggle_container  el_before_av_textblock '><span class='hr-inner ' ><span class='hr-inner-style'><\/span><\/span><\/div>\n<section class=\"av_textblock_section \"  itemscope=\"itemscope\" itemtype=\"https:\/\/schema.org\/CreativeWork\" ><div class='avia_textblock  '   itemprop=\"text\" ><h2>Vous n&#8217;avez pas trouv\u00e9 r\u00e9ponse \u00e0 vos questions?<\/h2>\n<p><a href=\"http:\/\/wiki.kajoom.ca\/\" target=\"_blank\" rel=\"noopener\">Consultez notre Base de Documentation mise \u00e0 jour r\u00e9guli\u00e8rement<\/a><\/p>\n<p><a href=\"https:\/\/kajoom.ca\/en\/contact-us\/\">Contactez-nous pour nous poser la question directement<\/a><\/p>\n<\/div><\/section>\n","protected":false},"excerpt":{"rendered":"<p>Here is a list of the questions that we are most frequently asked (or should be in our opinion) and the answers that come with them.<\/p>\n","protected":false},"author":11,"featured_media":0,"parent":0,"menu_order":101,"comment_status":"open","ping_status":"open","template":"","meta":{"footnotes":""},"class_list":["post-3416","page","type-page","status-publish","hentry"],"yoast_head":"<!-- This site is optimized with the Yoast SEO plugin v24.9 - https:\/\/yoast.com\/wordpress\/plugins\/seo\/ -->\n<title>Frequently Asked Questions (FAQ) - kajoom.ca<\/title>\n<meta name=\"robots\" content=\"index, follow, max-snippet:-1, max-image-preview:large, max-video-preview:-1\" \/>\n<link rel=\"canonical\" href=\"https:\/\/www.kajoom.ca\/faq\/\" \/>\n<meta property=\"og:locale\" content=\"en_US\" \/>\n<meta property=\"og:type\" content=\"article\" \/>\n<meta property=\"og:title\" content=\"Frequently Asked Questions (FAQ) - kajoom.ca\" \/>\n<meta property=\"og:description\" content=\"Here is a list of the questions that we are most frequently asked (or should be in our opinion) and the answers that come with them.\" \/>\n<meta property=\"og:url\" content=\"https:\/\/www.kajoom.ca\/faq\/\" \/>\n<meta property=\"og:site_name\" content=\"kajoom.ca\" \/>\n<meta property=\"article:modified_time\" content=\"2018-12-12T10:39:45+00:00\" \/>\n<meta name=\"twitter:card\" content=\"summary_large_image\" \/>\n<meta name=\"twitter:label1\" content=\"Est. reading time\" \/>\n\t<meta name=\"twitter:data1\" content=\"6 minutes\" \/>\n<script type=\"application\/ld+json\" class=\"yoast-schema-graph\">{\"@context\":\"https:\/\/schema.org\",\"@graph\":[{\"@type\":\"WebPage\",\"@id\":\"https:\/\/www.kajoom.ca\/faq\/\",\"url\":\"https:\/\/www.kajoom.ca\/faq\/\",\"name\":\"Frequently Asked Questions (FAQ) - kajoom.ca\",\"isPartOf\":{\"@id\":\"https:\/\/www.kajoom.ca\/#website\"},\"datePublished\":\"2018-12-12T10:39:43+00:00\",\"dateModified\":\"2018-12-12T10:39:45+00:00\",\"breadcrumb\":{\"@id\":\"https:\/\/www.kajoom.ca\/faq\/#breadcrumb\"},\"inLanguage\":\"en-US\",\"potentialAction\":[{\"@type\":\"ReadAction\",\"target\":[\"https:\/\/www.kajoom.ca\/faq\/\"]}]},{\"@type\":\"BreadcrumbList\",\"@id\":\"https:\/\/www.kajoom.ca\/faq\/#breadcrumb\",\"itemListElement\":[{\"@type\":\"ListItem\",\"position\":1,\"name\":\"Accueil\",\"item\":\"https:\/\/www.kajoom.ca\/en\/\"},{\"@type\":\"ListItem\",\"position\":2,\"name\":\"Frequently Asked Questions (FAQ)\"}]},{\"@type\":\"WebSite\",\"@id\":\"https:\/\/www.kajoom.ca\/#website\",\"url\":\"https:\/\/www.kajoom.ca\/\",\"name\":\"KAJOOM\",\"description\":\"Des solutions pour la publication sur Internet\",\"publisher\":{\"@id\":\"https:\/\/www.kajoom.ca\/#organization\"},\"potentialAction\":[{\"@type\":\"SearchAction\",\"target\":{\"@type\":\"EntryPoint\",\"urlTemplate\":\"https:\/\/www.kajoom.ca\/?s={search_term_string}\"},\"query-input\":{\"@type\":\"PropertyValueSpecification\",\"valueRequired\":true,\"valueName\":\"search_term_string\"}}],\"inLanguage\":\"en-US\"},{\"@type\":\"Organization\",\"@id\":\"https:\/\/www.kajoom.ca\/#organization\",\"name\":\"kajoom.ca\",\"url\":\"https:\/\/www.kajoom.ca\/\",\"logo\":{\"@type\":\"ImageObject\",\"inLanguage\":\"en-US\",\"@id\":\"https:\/\/www.kajoom.ca\/#\/schema\/logo\/image\/\",\"url\":\"https:\/\/www.kajoom.ca\/wp-content\/uploads\/2016\/10\/logo-kajoom-couleurs.png\",\"contentUrl\":\"https:\/\/www.kajoom.ca\/wp-content\/uploads\/2016\/10\/logo-kajoom-couleurs.png\",\"width\":300,\"height\":300,\"caption\":\"kajoom.ca\"},\"image\":{\"@id\":\"https:\/\/www.kajoom.ca\/#\/schema\/logo\/image\/\"}}]}<\/script>\n<!-- \/ Yoast SEO plugin. -->","yoast_head_json":{"title":"Frequently Asked Questions (FAQ) - kajoom.ca","robots":{"index":"index","follow":"follow","max-snippet":"max-snippet:-1","max-image-preview":"max-image-preview:large","max-video-preview":"max-video-preview:-1"},"canonical":"https:\/\/www.kajoom.ca\/faq\/","og_locale":"en_US","og_type":"article","og_title":"Frequently Asked Questions (FAQ) - kajoom.ca","og_description":"Here is a list of the questions that we are most frequently asked (or should be in our opinion) and the answers that come with them.","og_url":"https:\/\/www.kajoom.ca\/faq\/","og_site_name":"kajoom.ca","article_modified_time":"2018-12-12T10:39:45+00:00","twitter_card":"summary_large_image","twitter_misc":{"Est. reading time":"6 minutes"},"schema":{"@context":"https:\/\/schema.org","@graph":[{"@type":"WebPage","@id":"https:\/\/www.kajoom.ca\/faq\/","url":"https:\/\/www.kajoom.ca\/faq\/","name":"Frequently Asked Questions (FAQ) - kajoom.ca","isPartOf":{"@id":"https:\/\/www.kajoom.ca\/#website"},"datePublished":"2018-12-12T10:39:43+00:00","dateModified":"2018-12-12T10:39:45+00:00","breadcrumb":{"@id":"https:\/\/www.kajoom.ca\/faq\/#breadcrumb"},"inLanguage":"en-US","potentialAction":[{"@type":"ReadAction","target":["https:\/\/www.kajoom.ca\/faq\/"]}]},{"@type":"BreadcrumbList","@id":"https:\/\/www.kajoom.ca\/faq\/#breadcrumb","itemListElement":[{"@type":"ListItem","position":1,"name":"Accueil","item":"https:\/\/www.kajoom.ca\/en\/"},{"@type":"ListItem","position":2,"name":"Frequently Asked Questions (FAQ)"}]},{"@type":"WebSite","@id":"https:\/\/www.kajoom.ca\/#website","url":"https:\/\/www.kajoom.ca\/","name":"KAJOOM","description":"Des solutions pour la publication sur Internet","publisher":{"@id":"https:\/\/www.kajoom.ca\/#organization"},"potentialAction":[{"@type":"SearchAction","target":{"@type":"EntryPoint","urlTemplate":"https:\/\/www.kajoom.ca\/?s={search_term_string}"},"query-input":{"@type":"PropertyValueSpecification","valueRequired":true,"valueName":"search_term_string"}}],"inLanguage":"en-US"},{"@type":"Organization","@id":"https:\/\/www.kajoom.ca\/#organization","name":"kajoom.ca","url":"https:\/\/www.kajoom.ca\/","logo":{"@type":"ImageObject","inLanguage":"en-US","@id":"https:\/\/www.kajoom.ca\/#\/schema\/logo\/image\/","url":"https:\/\/www.kajoom.ca\/wp-content\/uploads\/2016\/10\/logo-kajoom-couleurs.png","contentUrl":"https:\/\/www.kajoom.ca\/wp-content\/uploads\/2016\/10\/logo-kajoom-couleurs.png","width":300,"height":300,"caption":"kajoom.ca"},"image":{"@id":"https:\/\/www.kajoom.ca\/#\/schema\/logo\/image\/"}}]}},"_links":{"self":[{"href":"https:\/\/www.kajoom.ca\/en\/wp-json\/wp\/v2\/pages\/3416"}],"collection":[{"href":"https:\/\/www.kajoom.ca\/en\/wp-json\/wp\/v2\/pages"}],"about":[{"href":"https:\/\/www.kajoom.ca\/en\/wp-json\/wp\/v2\/types\/page"}],"author":[{"embeddable":true,"href":"https:\/\/www.kajoom.ca\/en\/wp-json\/wp\/v2\/users\/11"}],"replies":[{"embeddable":true,"href":"https:\/\/www.kajoom.ca\/en\/wp-json\/wp\/v2\/comments?post=3416"}],"version-history":[{"count":1,"href":"https:\/\/www.kajoom.ca\/en\/wp-json\/wp\/v2\/pages\/3416\/revisions"}],"predecessor-version":[{"id":3417,"href":"https:\/\/www.kajoom.ca\/en\/wp-json\/wp\/v2\/pages\/3416\/revisions\/3417"}],"wp:attachment":[{"href":"https:\/\/www.kajoom.ca\/en\/wp-json\/wp\/v2\/media?parent=3416"}],"curies":[{"name":"wp","href":"https:\/\/api.w.org\/{rel}","templated":true}]}}