{"id":3420,"date":"2018-12-12T05:40:20","date_gmt":"2018-12-12T10:40:20","guid":{"rendered":"https:\/\/kajoom.ca\/our-team\/"},"modified":"2018-12-12T05:40:21","modified_gmt":"2018-12-12T10:40:21","slug":"our-team","status":"publish","type":"page","link":"https:\/\/www.kajoom.ca\/en\/our-team\/","title":{"rendered":"Our team"},"content":{"rendered":"<div  style='padding-bottom:10px; ' class='av-special-heading av-special-heading-h1    avia-builder-el-0  el_before_av_textblock  avia-builder-el-first  '><h1 class='av-special-heading-tag '  itemprop=\"headline\"  >Our team<\/h1><div class='special-heading-border'><div class='special-heading-inner-border' ><\/div><\/div><\/div>\n<section class=\"av_textblock_section \"  itemscope=\"itemscope\" itemtype=\"https:\/\/schema.org\/CreativeWork\" ><div class='avia_textblock  '   itemprop=\"text\" ><h4>Marc-Antoine Minville<\/h4>\n<hr \/>\n<p><strong><img loading=\"lazy\" decoding=\"async\" class=\" alignleft size-full wp-image-57\" style=\"margin: 5px 10px 2px 0px; float: left;\" src=\"https:\/\/kajoom.ca\/wp-content\/uploads\/2011\/03\/marca_100c_bw.jpg\" alt=\"Marc-Antoine Minville \" width=\"100\" height=\"100\" srcset=\"https:\/\/www.kajoom.ca\/wp-content\/uploads\/2011\/03\/marca_100c_bw.jpg 100w, https:\/\/www.kajoom.ca\/wp-content\/uploads\/2011\/03\/marca_100c_bw-80x80.jpg 80w, https:\/\/www.kajoom.ca\/wp-content\/uploads\/2011\/03\/marca_100c_bw-36x36.jpg 36w\" sizes=\"(max-width: 100px) 100vw, 100px\" \/><em style=\"font-size: 0.8em;\">D\u00e9veloppement des affaires et Direction g\u00e9n\u00e9rale<\/em><\/strong><br \/>\nProgrammeur et designer web passionn\u00e9, Marc-Antoine est le fondateur de Kajoom.Ca. Initialement artisan de tous les projets web, il occupe toujours un r\u00f4le d\u00e9terminant dans chacun de ceux-ci tout en assurant la direction g\u00e9n\u00e9rale de l&#8217;entreprise.\u00a0 <a title=\"Consultez mon CV en ligne : Marc-Antoine Minville - Programmeur et designer Web\" href=\"http:\/\/marc-antoine-minville.com\/\" target=\"_blank\" rel=\"noopener\">Site personnel<\/a><\/p>\n<h4>Collaborations sp\u00e9ciales<\/h4>\n<hr \/>\n<p><strong><img loading=\"lazy\" decoding=\"async\" class=\" alignleft size-full wp-image-60\" style=\"margin: 5px 10px 2px 0px; float: left;\" src=\"https:\/\/kajoom.ca\/wp-content\/uploads\/2011\/03\/flower_bw_150.png\" alt=\"flower bw 150\" width=\"100\" height=\"100\" srcset=\"https:\/\/www.kajoom.ca\/wp-content\/uploads\/2011\/03\/flower_bw_150.png 148w, https:\/\/www.kajoom.ca\/wp-content\/uploads\/2011\/03\/flower_bw_150-80x80.png 80w, https:\/\/www.kajoom.ca\/wp-content\/uploads\/2011\/03\/flower_bw_150-36x36.png 36w, https:\/\/www.kajoom.ca\/wp-content\/uploads\/2011\/03\/flower_bw_150-120x120.png 120w\" sizes=\"(max-width: 100px) 100vw, 100px\" \/><\/strong>Dans le vaste domaine du web design et de la publication sur internet, constamment en \u00e9volution, nous travaillons r\u00e9guli\u00e8rement en collaboration avec d&#8217;autres professionnels de la r\u00e9gion en r\u00e9daction, en graphisme ou en programmation par exemple. Tout cela dans un seul but: assurer la bonne r\u00e9alisation de votre projet de communication sur le web, en respectant votre budget et les objectifs fix\u00e9s.<\/p>\n<\/div><\/section>\n","protected":false},"excerpt":{"rendered":"","protected":false},"author":11,"featured_media":0,"parent":0,"menu_order":37,"comment_status":"open","ping_status":"open","template":"","meta":{"footnotes":""},"class_list":["post-3420","page","type-page","status-publish","hentry"],"yoast_head":"<!-- This site is optimized with the Yoast SEO plugin v24.9 - https:\/\/yoast.com\/wordpress\/plugins\/seo\/ -->\n<title>Our team - kajoom.ca<\/title>\n<meta name=\"description\" content=\"Who is Kajoom.Ca? This is where you will discover it!\" \/>\n<meta name=\"robots\" content=\"index, follow, max-snippet:-1, max-image-preview:large, max-video-preview:-1\" \/>\n<link rel=\"canonical\" href=\"https:\/\/www.kajoom.ca\/notre-equipe\/\" \/>\n<meta property=\"og:locale\" content=\"en_US\" \/>\n<meta property=\"og:type\" content=\"article\" \/>\n<meta property=\"og:title\" content=\"Our team - kajoom.ca\" \/>\n<meta property=\"og:description\" content=\"Who is Kajoom.Ca? This is where you will discover it!\" \/>\n<meta property=\"og:url\" content=\"https:\/\/www.kajoom.ca\/notre-equipe\/\" \/>\n<meta property=\"og:site_name\" content=\"kajoom.ca\" \/>\n<meta property=\"article:modified_time\" content=\"2018-12-12T10:40:21+00:00\" \/>\n<meta property=\"og:image\" content=\"https:\/\/kajoom.ca\/wp-content\/uploads\/2011\/03\/marca_100c_bw.jpg\" \/>\n<meta name=\"twitter:card\" content=\"summary_large_image\" \/>\n<meta name=\"twitter:label1\" content=\"Est. reading time\" \/>\n\t<meta name=\"twitter:data1\" content=\"1 minute\" \/>\n<script type=\"application\/ld+json\" class=\"yoast-schema-graph\">{\"@context\":\"https:\/\/schema.org\",\"@graph\":[{\"@type\":\"WebPage\",\"@id\":\"https:\/\/www.kajoom.ca\/notre-equipe\/\",\"url\":\"https:\/\/www.kajoom.ca\/notre-equipe\/\",\"name\":\"Our team - kajoom.ca\",\"isPartOf\":{\"@id\":\"https:\/\/www.kajoom.ca\/#website\"},\"primaryImageOfPage\":{\"@id\":\"https:\/\/www.kajoom.ca\/notre-equipe\/#primaryimage\"},\"image\":{\"@id\":\"https:\/\/www.kajoom.ca\/notre-equipe\/#primaryimage\"},\"thumbnailUrl\":\"https:\/\/kajoom.ca\/wp-content\/uploads\/2011\/03\/marca_100c_bw.jpg\",\"datePublished\":\"2018-12-12T10:40:20+00:00\",\"dateModified\":\"2018-12-12T10:40:21+00:00\",\"description\":\"Who is Kajoom.Ca? This is where you will discover it!\",\"breadcrumb\":{\"@id\":\"https:\/\/www.kajoom.ca\/notre-equipe\/#breadcrumb\"},\"inLanguage\":\"en-US\",\"potentialAction\":[{\"@type\":\"ReadAction\",\"target\":[\"https:\/\/www.kajoom.ca\/notre-equipe\/\"]}]},{\"@type\":\"ImageObject\",\"inLanguage\":\"en-US\",\"@id\":\"https:\/\/www.kajoom.ca\/notre-equipe\/#primaryimage\",\"url\":\"https:\/\/kajoom.ca\/wp-content\/uploads\/2011\/03\/marca_100c_bw.jpg\",\"contentUrl\":\"https:\/\/kajoom.ca\/wp-content\/uploads\/2011\/03\/marca_100c_bw.jpg\"},{\"@type\":\"BreadcrumbList\",\"@id\":\"https:\/\/www.kajoom.ca\/notre-equipe\/#breadcrumb\",\"itemListElement\":[{\"@type\":\"ListItem\",\"position\":1,\"name\":\"Accueil\",\"item\":\"https:\/\/www.kajoom.ca\/en\/\"},{\"@type\":\"ListItem\",\"position\":2,\"name\":\"Our team\"}]},{\"@type\":\"WebSite\",\"@id\":\"https:\/\/www.kajoom.ca\/#website\",\"url\":\"https:\/\/www.kajoom.ca\/\",\"name\":\"KAJOOM\",\"description\":\"Des solutions pour la publication sur Internet\",\"publisher\":{\"@id\":\"https:\/\/www.kajoom.ca\/#organization\"},\"potentialAction\":[{\"@type\":\"SearchAction\",\"target\":{\"@type\":\"EntryPoint\",\"urlTemplate\":\"https:\/\/www.kajoom.ca\/?s={search_term_string}\"},\"query-input\":{\"@type\":\"PropertyValueSpecification\",\"valueRequired\":true,\"valueName\":\"search_term_string\"}}],\"inLanguage\":\"en-US\"},{\"@type\":\"Organization\",\"@id\":\"https:\/\/www.kajoom.ca\/#organization\",\"name\":\"kajoom.ca\",\"url\":\"https:\/\/www.kajoom.ca\/\",\"logo\":{\"@type\":\"ImageObject\",\"inLanguage\":\"en-US\",\"@id\":\"https:\/\/www.kajoom.ca\/#\/schema\/logo\/image\/\",\"url\":\"https:\/\/www.kajoom.ca\/wp-content\/uploads\/2016\/10\/logo-kajoom-couleurs.png\",\"contentUrl\":\"https:\/\/www.kajoom.ca\/wp-content\/uploads\/2016\/10\/logo-kajoom-couleurs.png\",\"width\":300,\"height\":300,\"caption\":\"kajoom.ca\"},\"image\":{\"@id\":\"https:\/\/www.kajoom.ca\/#\/schema\/logo\/image\/\"}}]}<\/script>\n<!-- \/ Yoast SEO plugin. -->","yoast_head_json":{"title":"Our team - kajoom.ca","description":"Who is Kajoom.Ca? This is where you will discover it!","robots":{"index":"index","follow":"follow","max-snippet":"max-snippet:-1","max-image-preview":"max-image-preview:large","max-video-preview":"max-video-preview:-1"},"canonical":"https:\/\/www.kajoom.ca\/notre-equipe\/","og_locale":"en_US","og_type":"article","og_title":"Our team - kajoom.ca","og_description":"Who is Kajoom.Ca? This is where you will discover it!","og_url":"https:\/\/www.kajoom.ca\/notre-equipe\/","og_site_name":"kajoom.ca","article_modified_time":"2018-12-12T10:40:21+00:00","og_image":[{"url":"https:\/\/kajoom.ca\/wp-content\/uploads\/2011\/03\/marca_100c_bw.jpg","type":"","width":"","height":""}],"twitter_card":"summary_large_image","twitter_misc":{"Est. reading time":"1 minute"},"schema":{"@context":"https:\/\/schema.org","@graph":[{"@type":"WebPage","@id":"https:\/\/www.kajoom.ca\/notre-equipe\/","url":"https:\/\/www.kajoom.ca\/notre-equipe\/","name":"Our team - kajoom.ca","isPartOf":{"@id":"https:\/\/www.kajoom.ca\/#website"},"primaryImageOfPage":{"@id":"https:\/\/www.kajoom.ca\/notre-equipe\/#primaryimage"},"image":{"@id":"https:\/\/www.kajoom.ca\/notre-equipe\/#primaryimage"},"thumbnailUrl":"https:\/\/kajoom.ca\/wp-content\/uploads\/2011\/03\/marca_100c_bw.jpg","datePublished":"2018-12-12T10:40:20+00:00","dateModified":"2018-12-12T10:40:21+00:00","description":"Who is Kajoom.Ca? This is where you will discover it!","breadcrumb":{"@id":"https:\/\/www.kajoom.ca\/notre-equipe\/#breadcrumb"},"inLanguage":"en-US","potentialAction":[{"@type":"ReadAction","target":["https:\/\/www.kajoom.ca\/notre-equipe\/"]}]},{"@type":"ImageObject","inLanguage":"en-US","@id":"https:\/\/www.kajoom.ca\/notre-equipe\/#primaryimage","url":"https:\/\/kajoom.ca\/wp-content\/uploads\/2011\/03\/marca_100c_bw.jpg","contentUrl":"https:\/\/kajoom.ca\/wp-content\/uploads\/2011\/03\/marca_100c_bw.jpg"},{"@type":"BreadcrumbList","@id":"https:\/\/www.kajoom.ca\/notre-equipe\/#breadcrumb","itemListElement":[{"@type":"ListItem","position":1,"name":"Accueil","item":"https:\/\/www.kajoom.ca\/en\/"},{"@type":"ListItem","position":2,"name":"Our team"}]},{"@type":"WebSite","@id":"https:\/\/www.kajoom.ca\/#website","url":"https:\/\/www.kajoom.ca\/","name":"KAJOOM","description":"Des solutions pour la publication sur Internet","publisher":{"@id":"https:\/\/www.kajoom.ca\/#organization"},"potentialAction":[{"@type":"SearchAction","target":{"@type":"EntryPoint","urlTemplate":"https:\/\/www.kajoom.ca\/?s={search_term_string}"},"query-input":{"@type":"PropertyValueSpecification","valueRequired":true,"valueName":"search_term_string"}}],"inLanguage":"en-US"},{"@type":"Organization","@id":"https:\/\/www.kajoom.ca\/#organization","name":"kajoom.ca","url":"https:\/\/www.kajoom.ca\/","logo":{"@type":"ImageObject","inLanguage":"en-US","@id":"https:\/\/www.kajoom.ca\/#\/schema\/logo\/image\/","url":"https:\/\/www.kajoom.ca\/wp-content\/uploads\/2016\/10\/logo-kajoom-couleurs.png","contentUrl":"https:\/\/www.kajoom.ca\/wp-content\/uploads\/2016\/10\/logo-kajoom-couleurs.png","width":300,"height":300,"caption":"kajoom.ca"},"image":{"@id":"https:\/\/www.kajoom.ca\/#\/schema\/logo\/image\/"}}]}},"_links":{"self":[{"href":"https:\/\/www.kajoom.ca\/en\/wp-json\/wp\/v2\/pages\/3420"}],"collection":[{"href":"https:\/\/www.kajoom.ca\/en\/wp-json\/wp\/v2\/pages"}],"about":[{"href":"https:\/\/www.kajoom.ca\/en\/wp-json\/wp\/v2\/types\/page"}],"author":[{"embeddable":true,"href":"https:\/\/www.kajoom.ca\/en\/wp-json\/wp\/v2\/users\/11"}],"replies":[{"embeddable":true,"href":"https:\/\/www.kajoom.ca\/en\/wp-json\/wp\/v2\/comments?post=3420"}],"version-history":[{"count":1,"href":"https:\/\/www.kajoom.ca\/en\/wp-json\/wp\/v2\/pages\/3420\/revisions"}],"predecessor-version":[{"id":3421,"href":"https:\/\/www.kajoom.ca\/en\/wp-json\/wp\/v2\/pages\/3420\/revisions\/3421"}],"wp:attachment":[{"href":"https:\/\/www.kajoom.ca\/en\/wp-json\/wp\/v2\/media?parent=3420"}],"curies":[{"name":"wp","href":"https:\/\/api.w.org\/{rel}","templated":true}]}}